{"id":1609,"date":"2024-03-12T17:07:02","date_gmt":"2024-03-12T20:07:02","guid":{"rendered":"https:\/\/www.osprogmed.com.ar\/ospm\/?page_id=1609"},"modified":"2025-10-21T08:45:53","modified_gmt":"2025-10-21T11:45:53","slug":"prestadores","status":"publish","type":"page","link":"https:\/\/osprogmed.com.ar\/ospm\/prestadores\/","title":{"rendered":"Prestadores"},"content":{"rendered":"<div id=\"pl-1609\"  class=\"panel-layout\" ><div id=\"pg-1609-0\"  class=\"panel-grid panel-no-style\" ><div id=\"pgc-1609-0-0\"  class=\"panel-grid-cell\" ><div id=\"panel-1609-0-0-0\" class=\"so-panel widget widget_sow-accordion panel-first-child panel-last-child\" data-index=\"0\" ><div class=\"panel-widget-style panel-widget-style-for-1609-0-0-0\" ><div\n\t\t\t\n\t\t\tclass=\"so-widget-sow-accordion so-widget-sow-accordion-default-dac638825064-1609\"\n\t\t\t\n\t\t><h3 class=\"widget-title\">Contacto para Prestadores<\/h3><div>\n\t<div class=\"sow-accordion\">\n\t\t\t<div class=\"sow-accordion-panel\n\t\t\t\t\t\"\n\t\t\t\tdata-anchor-id=\"internaciones\">\n\t\t\t\t\t<div class=\"sow-accordion-panel-header-container\" role=\"heading\" aria-level=\"2\">\n\t\t\t\t\t<div class=\"sow-accordion-panel-header\" tabindex=\"0\" role=\"button\" id=\"accordion-label-internaciones\" aria-controls=\"accordion-content-internaciones\" aria-expanded=\"false\">\n\t\t\t\t\t\t<div class=\"sow-accordion-title sow-accordion-title-icon-left\">\n\t\t\t\t\t\t\t\t\t\t\t\t\t\tInternaciones\t\t\t\t\t\t\t\t\t\t\t\t\t<\/div>\n\t\t\t\t\t\t<div class=\"sow-accordion-open-close-button\">\n\t\t\t\t\t\t\t<div class=\"sow-accordion-open-button\">\n\t\t\t\t\t\t\t\t<span class=\"sow-icon-ionicons\" data-sow-icon=\"&#xf218;\"\n\t\t \n\t\taria-hidden=\"true\"><\/span>\t\t\t\t\t\t\t<\/div>\n\t\t\t\t\t\t\t<div class=\"sow-accordion-close-button\">\n\t\t\t\t\t\t\t\t<span class=\"sow-icon-ionicons\" data-sow-icon=\"&#xf209;\"\n\t\t \n\t\taria-hidden=\"true\"><\/span>\t\t\t\t\t\t\t<\/div>\n\t\t\t\t\t\t<\/div>\n\t\t\t\t\t<\/div>\n\t\t\t\t<\/div>\n\n\t\t\t<div\n\t\t\t\tclass=\"sow-accordion-panel-content\"\n\t\t\t\trole=\"region\"\n\t\t\t\taria-labelledby=\"accordion-label-internaciones\"\n\t\t\t\tid=\"accordion-content-internaciones\"\n\t\t\t\tstyle=\"display: none;\"\t\t\t>\n\t\t\t\t<div class=\"sow-accordion-panel-border\">\n\t\t\t\t\t<p>Podr\u00e1 escribirnos a: <img loading=\"lazy\" decoding=\"async\" class=\"alignnone wp-image-1947 size-medium\" src=\"https:\/\/osprogmed.com.ar\/ospm\/wp-content\/uploads\/2025\/01\/Internaciones-osprogmed-copia-300x24.jpg\" alt=\"\" width=\"300\" height=\"24\" srcset=\"https:\/\/osprogmed.com.ar\/ospm\/wp-content\/uploads\/2025\/01\/Internaciones-osprogmed-copia-300x24.jpg 300w, https:\/\/osprogmed.com.ar\/ospm\/wp-content\/uploads\/2025\/01\/Internaciones-osprogmed-copia.jpg 364w\" sizes=\"auto, (max-width: 300px) 100vw, 300px\" \/><img loading=\"lazy\" decoding=\"async\" class=\"alignnone  wp-image-2756\" src=\"https:\/\/osprogmed.com.ar\/ospm\/wp-content\/uploads\/2025\/10\/nuevo-numero.jpg\" alt=\"\" width=\"137\" height=\"33\" \/><\/p>\n\t\t\t\t<\/div>\n\t\t\t<\/div>\n\t\t<\/div>\n\t\t\t<div class=\"sow-accordion-panel\n\t\t\t\t\t\"\n\t\t\t\tdata-anchor-id=\"recepcion-de-facturacion\">\n\t\t\t\t\t<div class=\"sow-accordion-panel-header-container\" role=\"heading\" aria-level=\"2\">\n\t\t\t\t\t<div class=\"sow-accordion-panel-header\" tabindex=\"0\" role=\"button\" id=\"accordion-label-recepci%c3%b3n-de-facturaci%c3%b3n\" aria-controls=\"accordion-content-recepci%c3%b3n-de-facturaci%c3%b3n\" aria-expanded=\"false\">\n\t\t\t\t\t\t<div class=\"sow-accordion-title sow-accordion-title-icon-left\">\n\t\t\t\t\t\t\t\t\t\t\t\t\t\tRecepci\u00f3n de Facturaci\u00f3n \t\t\t\t\t\t\t\t\t\t\t\t\t<\/div>\n\t\t\t\t\t\t<div class=\"sow-accordion-open-close-button\">\n\t\t\t\t\t\t\t<div class=\"sow-accordion-open-button\">\n\t\t\t\t\t\t\t\t<span class=\"sow-icon-ionicons\" data-sow-icon=\"&#xf218;\"\n\t\t \n\t\taria-hidden=\"true\"><\/span>\t\t\t\t\t\t\t<\/div>\n\t\t\t\t\t\t\t<div class=\"sow-accordion-close-button\">\n\t\t\t\t\t\t\t\t<span class=\"sow-icon-ionicons\" data-sow-icon=\"&#xf209;\"\n\t\t \n\t\taria-hidden=\"true\"><\/span>\t\t\t\t\t\t\t<\/div>\n\t\t\t\t\t\t<\/div>\n\t\t\t\t\t<\/div>\n\t\t\t\t<\/div>\n\n\t\t\t<div\n\t\t\t\tclass=\"sow-accordion-panel-content\"\n\t\t\t\trole=\"region\"\n\t\t\t\taria-labelledby=\"accordion-label-recepci%c3%b3n-de-facturaci%c3%b3n\"\n\t\t\t\tid=\"accordion-content-recepci%c3%b3n-de-facturaci%c3%b3n\"\n\t\t\t\tstyle=\"display: none;\"\t\t\t>\n\t\t\t\t<div class=\"sow-accordion-panel-border\">\n\t\t\t\t\t<p>Podr\u00e1 consultar por temas referidos al env\u00edo de facturas <img loading=\"lazy\" decoding=\"async\" class=\"alignnone size-full wp-image-1576\" src=\"https:\/\/osprogmed.com.ar\/ospm\/wp-content\/uploads\/2024\/03\/Mail-prestadores-2.jpg\" alt=\"\" width=\"284\" height=\"24\" srcset=\"https:\/\/osprogmed.com.ar\/ospm\/wp-content\/uploads\/2024\/03\/Mail-prestadores-2.jpg 284w, https:\/\/osprogmed.com.ar\/ospm\/wp-content\/uploads\/2024\/03\/Mail-prestadores-2-272x24.jpg 272w\" sizes=\"auto, (max-width: 284px) 100vw, 284px\" \/><\/p>\n\t\t\t\t<\/div>\n\t\t\t<\/div>\n\t\t<\/div>\n\t\t\t<div class=\"sow-accordion-panel\n\t\t\t\t\t\"\n\t\t\t\tdata-anchor-id=\"pago-a-prestadores\">\n\t\t\t\t\t<div class=\"sow-accordion-panel-header-container\" role=\"heading\" aria-level=\"2\">\n\t\t\t\t\t<div class=\"sow-accordion-panel-header\" tabindex=\"0\" role=\"button\" id=\"accordion-label-pago-a-prestadores\" aria-controls=\"accordion-content-pago-a-prestadores\" aria-expanded=\"false\">\n\t\t\t\t\t\t<div class=\"sow-accordion-title sow-accordion-title-icon-left\">\n\t\t\t\t\t\t\t\t\t\t\t\t\t\tPago a Prestadores\t\t\t\t\t\t\t\t\t\t\t\t\t<\/div>\n\t\t\t\t\t\t<div class=\"sow-accordion-open-close-button\">\n\t\t\t\t\t\t\t<div class=\"sow-accordion-open-button\">\n\t\t\t\t\t\t\t\t<span class=\"sow-icon-ionicons\" data-sow-icon=\"&#xf218;\"\n\t\t \n\t\taria-hidden=\"true\"><\/span>\t\t\t\t\t\t\t<\/div>\n\t\t\t\t\t\t\t<div class=\"sow-accordion-close-button\">\n\t\t\t\t\t\t\t\t<span class=\"sow-icon-ionicons\" data-sow-icon=\"&#xf209;\"\n\t\t \n\t\taria-hidden=\"true\"><\/span>\t\t\t\t\t\t\t<\/div>\n\t\t\t\t\t\t<\/div>\n\t\t\t\t\t<\/div>\n\t\t\t\t<\/div>\n\n\t\t\t<div\n\t\t\t\tclass=\"sow-accordion-panel-content\"\n\t\t\t\trole=\"region\"\n\t\t\t\taria-labelledby=\"accordion-label-pago-a-prestadores\"\n\t\t\t\tid=\"accordion-content-pago-a-prestadores\"\n\t\t\t\tstyle=\"display: none;\"\t\t\t>\n\t\t\t\t<div class=\"sow-accordion-panel-border\">\n\t\t\t\t\t<p>Podr\u00e1 consultar el estado de su cuenta corriente y pagos <img loading=\"lazy\" decoding=\"async\" class=\"alignnone  wp-image-1590\" src=\"https:\/\/osprogmed.com.ar\/ospm\/wp-content\/uploads\/2024\/03\/Mail-pagos-2.jpg\" alt=\"\" width=\"229\" height=\"24\" \/><\/p>\n\t\t\t\t<\/div>\n\t\t\t<\/div>\n\t\t<\/div>\n\t\t\t<div class=\"sow-accordion-panel\n\t\t\t\t\t\"\n\t\t\t\tdata-anchor-id=\"auditoria-de-prestadores\">\n\t\t\t\t\t<div class=\"sow-accordion-panel-header-container\" role=\"heading\" aria-level=\"2\">\n\t\t\t\t\t<div class=\"sow-accordion-panel-header\" tabindex=\"0\" role=\"button\" id=\"accordion-label-auditoria-de-prestadores\" aria-controls=\"accordion-content-auditoria-de-prestadores\" aria-expanded=\"false\">\n\t\t\t\t\t\t<div class=\"sow-accordion-title sow-accordion-title-icon-left\">\n\t\t\t\t\t\t\t\t\t\t\t\t\t\tAuditoria de Prestadores\t\t\t\t\t\t\t\t\t\t\t\t\t<\/div>\n\t\t\t\t\t\t<div class=\"sow-accordion-open-close-button\">\n\t\t\t\t\t\t\t<div class=\"sow-accordion-open-button\">\n\t\t\t\t\t\t\t\t<span class=\"sow-icon-ionicons\" data-sow-icon=\"&#xf218;\"\n\t\t \n\t\taria-hidden=\"true\"><\/span>\t\t\t\t\t\t\t<\/div>\n\t\t\t\t\t\t\t<div class=\"sow-accordion-close-button\">\n\t\t\t\t\t\t\t\t<span class=\"sow-icon-ionicons\" data-sow-icon=\"&#xf209;\"\n\t\t \n\t\taria-hidden=\"true\"><\/span>\t\t\t\t\t\t\t<\/div>\n\t\t\t\t\t\t<\/div>\n\t\t\t\t\t<\/div>\n\t\t\t\t<\/div>\n\n\t\t\t<div\n\t\t\t\tclass=\"sow-accordion-panel-content\"\n\t\t\t\trole=\"region\"\n\t\t\t\taria-labelledby=\"accordion-label-auditoria-de-prestadores\"\n\t\t\t\tid=\"accordion-content-auditoria-de-prestadores\"\n\t\t\t\tstyle=\"display: none;\"\t\t\t>\n\t\t\t\t<div class=\"sow-accordion-panel-border\">\n\t\t\t\t\t<p>Podr\u00e1 consultar por d\u00e9bitos <img loading=\"lazy\" decoding=\"async\" class=\"alignnone size-full wp-image-1587\" src=\"https:\/\/osprogmed.com.ar\/ospm\/wp-content\/uploads\/2024\/03\/Mail-auditoria-1.jpg\" alt=\"\" width=\"258\" height=\"25\" \/><\/p>\n\t\t\t\t<\/div>\n\t\t\t<\/div>\n\t\t<\/div>\n\t\t\t<div class=\"sow-accordion-panel\n\t\t\t\t\t\"\n\t\t\t\tdata-anchor-id=\"integracion\">\n\t\t\t\t\t<div class=\"sow-accordion-panel-header-container\" role=\"heading\" aria-level=\"2\">\n\t\t\t\t\t<div class=\"sow-accordion-panel-header\" tabindex=\"0\" role=\"button\" id=\"accordion-label-integraci%c3%b3n\" aria-controls=\"accordion-content-integraci%c3%b3n\" aria-expanded=\"false\">\n\t\t\t\t\t\t<div class=\"sow-accordion-title sow-accordion-title-icon-left\">\n\t\t\t\t\t\t\t\t\t\t\t\t\t\tIntegraci\u00f3n\t\t\t\t\t\t\t\t\t\t\t\t\t<\/div>\n\t\t\t\t\t\t<div class=\"sow-accordion-open-close-button\">\n\t\t\t\t\t\t\t<div class=\"sow-accordion-open-button\">\n\t\t\t\t\t\t\t\t<span class=\"sow-icon-ionicons\" data-sow-icon=\"&#xf218;\"\n\t\t \n\t\taria-hidden=\"true\"><\/span>\t\t\t\t\t\t\t<\/div>\n\t\t\t\t\t\t\t<div class=\"sow-accordion-close-button\">\n\t\t\t\t\t\t\t\t<span class=\"sow-icon-ionicons\" data-sow-icon=\"&#xf209;\"\n\t\t \n\t\taria-hidden=\"true\"><\/span>\t\t\t\t\t\t\t<\/div>\n\t\t\t\t\t\t<\/div>\n\t\t\t\t\t<\/div>\n\t\t\t\t<\/div>\n\n\t\t\t<div\n\t\t\t\tclass=\"sow-accordion-panel-content\"\n\t\t\t\trole=\"region\"\n\t\t\t\taria-labelledby=\"accordion-label-integraci%c3%b3n\"\n\t\t\t\tid=\"accordion-content-integraci%c3%b3n\"\n\t\t\t\tstyle=\"display: none;\"\t\t\t>\n\t\t\t\t<div class=\"sow-accordion-panel-border\">\n\t\t\t\t\t<p>Podr\u00e1 consultar el estado de cuenta y pagos del mecanismo o circuito de integraci\u00f3n<img loading=\"lazy\" decoding=\"async\" class=\"alignnone size-full wp-image-1589\" src=\"https:\/\/osprogmed.com.ar\/ospm\/wp-content\/uploads\/2024\/03\/Mail-integracion-1.jpg\" alt=\"\" width=\"280\" height=\"27\" srcset=\"https:\/\/osprogmed.com.ar\/ospm\/wp-content\/uploads\/2024\/03\/Mail-integracion-1.jpg 280w, https:\/\/osprogmed.com.ar\/ospm\/wp-content\/uploads\/2024\/03\/Mail-integracion-1-272x27.jpg 272w\" sizes=\"auto, (max-width: 280px) 100vw, 280px\" \/><\/p>\n\t\t\t\t<\/div>\n\t\t\t<\/div>\n\t\t<\/div>\n\t\t\t<div class=\"sow-accordion-panel\n\t\t\t\t\t\"\n\t\t\t\tdata-anchor-id=\"quiero-ser-prestador-de-ospm\">\n\t\t\t\t\t<div class=\"sow-accordion-panel-header-container\" role=\"heading\" aria-level=\"2\">\n\t\t\t\t\t<div class=\"sow-accordion-panel-header\" tabindex=\"0\" role=\"button\" id=\"accordion-label-quiero-ser-prestador-de-ospm\" aria-controls=\"accordion-content-quiero-ser-prestador-de-ospm\" aria-expanded=\"false\">\n\t\t\t\t\t\t<div class=\"sow-accordion-title sow-accordion-title-icon-left\">\n\t\t\t\t\t\t\t\t\t\t\t\t\t\tQuiero ser Prestador de OSPM\t\t\t\t\t\t\t\t\t\t\t\t\t<\/div>\n\t\t\t\t\t\t<div class=\"sow-accordion-open-close-button\">\n\t\t\t\t\t\t\t<div class=\"sow-accordion-open-button\">\n\t\t\t\t\t\t\t\t<span class=\"sow-icon-ionicons\" data-sow-icon=\"&#xf218;\"\n\t\t \n\t\taria-hidden=\"true\"><\/span>\t\t\t\t\t\t\t<\/div>\n\t\t\t\t\t\t\t<div class=\"sow-accordion-close-button\">\n\t\t\t\t\t\t\t\t<span class=\"sow-icon-ionicons\" data-sow-icon=\"&#xf209;\"\n\t\t \n\t\taria-hidden=\"true\"><\/span>\t\t\t\t\t\t\t<\/div>\n\t\t\t\t\t\t<\/div>\n\t\t\t\t\t<\/div>\n\t\t\t\t<\/div>\n\n\t\t\t<div\n\t\t\t\tclass=\"sow-accordion-panel-content\"\n\t\t\t\trole=\"region\"\n\t\t\t\taria-labelledby=\"accordion-label-quiero-ser-prestador-de-ospm\"\n\t\t\t\tid=\"accordion-content-quiero-ser-prestador-de-ospm\"\n\t\t\t\tstyle=\"display: none;\"\t\t\t>\n\t\t\t\t<div class=\"sow-accordion-panel-border\">\n\t\t\t\t\t<p><img loading=\"lazy\" decoding=\"async\" class=\"alignnone wp-image-1946 size-medium\" src=\"https:\/\/osprogmed.com.ar\/ospm\/wp-content\/uploads\/2025\/01\/convenios-ospm-copia-300x25.jpg\" alt=\"\" width=\"300\" height=\"25\" srcset=\"https:\/\/osprogmed.com.ar\/ospm\/wp-content\/uploads\/2025\/01\/convenios-ospm-copia-300x25.jpg 300w, https:\/\/osprogmed.com.ar\/ospm\/wp-content\/uploads\/2025\/01\/convenios-ospm-copia.jpg 335w\" sizes=\"auto, (max-width: 300px) 100vw, 300px\" \/><\/p>\n\t\t\t\t<\/div>\n\t\t\t<\/div>\n\t\t<\/div>\n\t\t<\/div>\n<\/div>\n<\/div><\/div><\/div><\/div><\/div><\/div>","protected":false},"excerpt":{"rendered":"<p>Contacto para Prestadores Internaciones Podr\u00e1 escribirnos a: Recepci\u00f3n de Facturaci\u00f3n Podr\u00e1 consultar por temas referidos al env\u00edo de facturas Pago a Prestadores Podr\u00e1 consultar el estado de su cuenta corriente &#8230;<\/p>\n","protected":false},"author":3,"featured_media":0,"parent":0,"menu_order":0,"comment_status":"closed","ping_status":"closed","template":"","meta":{"footnotes":""},"class_list":["post-1609","page","type-page","status-publish","hentry"],"_links":{"self":[{"href":"https:\/\/osprogmed.com.ar\/ospm\/wp-json\/wp\/v2\/pages\/1609","targetHints":{"allow":["GET"]}}],"collection":[{"href":"https:\/\/osprogmed.com.ar\/ospm\/wp-json\/wp\/v2\/pages"}],"about":[{"href":"https:\/\/osprogmed.com.ar\/ospm\/wp-json\/wp\/v2\/types\/page"}],"author":[{"embeddable":true,"href":"https:\/\/osprogmed.com.ar\/ospm\/wp-json\/wp\/v2\/users\/3"}],"replies":[{"embeddable":true,"href":"https:\/\/osprogmed.com.ar\/ospm\/wp-json\/wp\/v2\/comments?post=1609"}],"version-history":[{"count":14,"href":"https:\/\/osprogmed.com.ar\/ospm\/wp-json\/wp\/v2\/pages\/1609\/revisions"}],"predecessor-version":[{"id":2762,"href":"https:\/\/osprogmed.com.ar\/ospm\/wp-json\/wp\/v2\/pages\/1609\/revisions\/2762"}],"wp:attachment":[{"href":"https:\/\/osprogmed.com.ar\/ospm\/wp-json\/wp\/v2\/media?parent=1609"}],"curies":[{"name":"wp","href":"https:\/\/api.w.org\/{rel}","templated":true}]}}