{"id":1281,"date":"2018-07-19T12:25:35","date_gmt":"2018-07-19T15:25:35","guid":{"rendered":"http:\/\/www.osprogmed.com.ar\/ospm\/?page_id=1281"},"modified":"2024-04-08T09:35:01","modified_gmt":"2024-04-08T12:35:01","slug":"opcion-de-obra-social","status":"publish","type":"page","link":"https:\/\/osprogmed.com.ar\/ospm\/opcion-de-obra-social\/","title":{"rendered":"Opci\u00f3n de Obra Social"},"content":{"rendered":"<div id=\"pl-1281\"  class=\"panel-layout\" ><div id=\"pg-1281-0\"  class=\"panel-grid panel-no-style\" ><div id=\"pgc-1281-0-0\"  class=\"panel-grid-cell\" ><div id=\"panel-1281-0-0-0\" class=\"so-panel widget widget_sow-image panel-first-child panel-last-child\" data-index=\"0\" ><div\n\t\t\t\n\t\t\tclass=\"so-widget-sow-image so-widget-sow-image-default-8b5b6f678277-1281\"\n\t\t\t\n\t\t>\n<div class=\"sow-image-container\">\n\t\t<img \n\tsrc=\"https:\/\/osprogmed.com.ar\/ospm\/wp-content\/uploads\/2020\/10\/computer-1185626_1280.jpg\" width=\"1280\" height=\"853\" srcset=\"https:\/\/osprogmed.com.ar\/ospm\/wp-content\/uploads\/2020\/10\/computer-1185626_1280.jpg 1280w, https:\/\/osprogmed.com.ar\/ospm\/wp-content\/uploads\/2020\/10\/computer-1185626_1280-300x200.jpg 300w, https:\/\/osprogmed.com.ar\/ospm\/wp-content\/uploads\/2020\/10\/computer-1185626_1280-768x512.jpg 768w, https:\/\/osprogmed.com.ar\/ospm\/wp-content\/uploads\/2020\/10\/computer-1185626_1280-1024x682.jpg 1024w, https:\/\/osprogmed.com.ar\/ospm\/wp-content\/uploads\/2020\/10\/computer-1185626_1280-272x182.jpg 272w\" sizes=\"(max-width: 1280px) 100vw, 1280px\" alt=\"\" \t\tclass=\"so-widget-image\"\/>\n\t<\/div>\n\n<\/div><\/div><\/div><div id=\"pgc-1281-0-1\"  class=\"panel-grid-cell\" ><div id=\"panel-1281-0-1-0\" class=\"so-panel widget widget_media_video panel-first-child panel-last-child\" data-index=\"1\" ><div class=\"panel-widget-style panel-widget-style-for-1281-0-1-0\" ><h3 class=\"widget-title\">Instructivo para Usuarios de Opciones de Cambio de OS<\/h3><div style=\"width:100%;\" class=\"wp-video\"><video class=\"wp-video-shortcode\" id=\"video-1281-1\" preload=\"metadata\" controls=\"controls\"><source type=\"video\/youtube\" src=\"https:\/\/www.youtube.com\/watch?v=8CjFtE7gtgA&#038;_=1\" \/><a href=\"https:\/\/www.youtube.com\/watch?v=8CjFtE7gtgA\">https:\/\/www.youtube.com\/watch?v=8CjFtE7gtgA<\/a><\/video><\/div><\/div><\/div><\/div><\/div><div id=\"pg-1281-1\"  class=\"panel-grid panel-no-style\" ><div id=\"pgc-1281-1-0\"  class=\"panel-grid-cell\" ><div id=\"panel-1281-1-0-0\" class=\"so-panel widget widget_sow-editor panel-first-child\" data-index=\"2\" ><div\n\t\t\t\n\t\t\tclass=\"so-widget-sow-editor so-widget-sow-editor-base\"\n\t\t\t\n\t\t>\n<div class=\"siteorigin-widget-tinymce textwidget\">\n\t<p>Se encuentra regulado por el <strong> Decreto 504\/98 <\/strong> del Poder Ejecutivo Nacional. Modificada por las <strong>Resoluciones 1216\/2020; 1219\/2020 y 210\/2024<\/strong> de la SSSalud. <strong>Decretos: 170\/ 2024 y 171\/2024<\/strong> del Poder Ejecutivo Nacional.<br \/>\n<strong>\u00bfQui\u00e9nes pueden hacer uso de este Derecho y elegir nuestra Obra Social?<\/strong><br \/>\nLos trabajadores en relaci\u00f3n de dependencia, y aquellos que se encuentren bajo el r\u00e9gimen de Monotributo.<\/p>\n<p><strong>\u00bfC\u00f3mo y d\u00f3nde se efect\u00faa el tr\u00e1mite?<\/strong><br \/>\nEl tr\u00e1mite lo debe realizar el titular <a href=\"https:\/\/www.sssalud.gob.ar\/misssalud\/\">web en el portal MI SSSalud del sitio web de la Superintendencia de Servicios de Salud.<\/a><br \/>\nSolo es necesario ingresar con el CUIL y contar con Clave Fiscal 3.<\/p>\n<\/div>\n<\/div><\/div><div id=\"panel-1281-1-0-1\" class=\"so-panel widget widget_sow-editor panel-last-child\" data-index=\"3\" ><div\n\t\t\t\n\t\t\tclass=\"so-widget-sow-editor so-widget-sow-editor-base\"\n\t\t\t\n\t\t>\n<div class=\"siteorigin-widget-tinymce textwidget\">\n\t<p><strong>\u00bfQui\u00e9n es la Autoridad de Aplicaci\u00f3n?<\/strong><\/p>\n<p>La Superintendencia de Servicios de Salud, la cual tiene un Servicio de consultas gratuito que funciona de lunes a viernes de 10 a 16 horas. La L\u00ednea telef\u00f3nica de atenci\u00f3n gratuita es el 0800 222 72583<\/p>\n<p><strong>\u00bfCu\u00e1ndo comienza a regir la cobertura a cargo de la Obra Social elegida?<\/strong><\/p>\n<ul>\n<li>La impresi\u00f3n de la confirmaci\u00f3n en el tr\u00e1mite v\u00eda web de la asignaci\u00f3n de la obra social elegida, ser\u00e1\u0301 documento suficiente para recibir cobertura. La misma inicia a partir del primer d\u00eda del mes siguiente a la confirmaci\u00f3n del tr\u00e1mite, debe contar con el pago del Monotributo al d\u00eda.<\/li>\n<\/ul>\n<p>Documentaci\u00f3n necesaria para ejercer el derecho a opci\u00f3n:<br \/>\n<a href=\"https:\/\/osprogmed.com.ar\/ospm\/wp-content\/uploads\/2018\/08\/Requisitos-Relaci%C3%B3n-de-dependencia.pdf\">Empleados en relaci\u00f3n de dependencia<\/a><br \/>\n<a href=\"https:\/\/osprogmed.com.ar\/ospm\/wp-content\/uploads\/2018\/08\/Requisitos-Monotributista-.pdf\">Monotributistas<\/a><\/p>\n<p>Para visualizar el documento necesitar\u00e1 tener instalado en su computadora, Adobe Reader o similar.<\/p>\n<\/div>\n<\/div><\/div><\/div><div id=\"pgc-1281-1-1\"  class=\"panel-grid-cell\" ><div id=\"panel-1281-1-1-0\" class=\"so-panel widget widget_sow-image panel-first-child\" data-index=\"4\" ><div\n\t\t\t\n\t\t\tclass=\"so-widget-sow-image so-widget-sow-image-default-8b5b6f678277-1281\"\n\t\t\t\n\t\t><h3 class=\"widget-title\">Instructivo en PDF para beneficiarios<\/h3>\n<div class=\"sow-image-container\">\n\t\t\t<a href=\"https:\/\/www.sssalud.gob.ar\/misssalud\/docs\/InstructivoOpcionDeCambio.pdf\"\n\t\t\t\t\t>\n\t\t\t<img \n\tsrc=\"https:\/\/osprogmed.com.ar\/ospm\/wp-content\/uploads\/2020\/10\/Screen-Shot-2020-10-19-at-09.49.29.png\" width=\"1590\" height=\"1268\" srcset=\"https:\/\/osprogmed.com.ar\/ospm\/wp-content\/uploads\/2020\/10\/Screen-Shot-2020-10-19-at-09.49.29.png 1590w, https:\/\/osprogmed.com.ar\/ospm\/wp-content\/uploads\/2020\/10\/Screen-Shot-2020-10-19-at-09.49.29-300x239.png 300w, https:\/\/osprogmed.com.ar\/ospm\/wp-content\/uploads\/2020\/10\/Screen-Shot-2020-10-19-at-09.49.29-768x612.png 768w, https:\/\/osprogmed.com.ar\/ospm\/wp-content\/uploads\/2020\/10\/Screen-Shot-2020-10-19-at-09.49.29-1024x817.png 1024w\" sizes=\"(max-width: 1590px) 100vw, 1590px\" title=\"Instructivo en PDF para beneficiarios\" alt=\"\" \t\tclass=\"so-widget-image\"\/>\n\t\t\t<\/a><\/div>\n\n<\/div><\/div><div id=\"panel-1281-1-1-1\" class=\"so-panel widget widget_sow-image panel-last-child\" data-index=\"5\" ><div class=\"panel-widget-style panel-widget-style-for-1281-1-1-1\" ><div\n\t\t\t\n\t\t\tclass=\"so-widget-sow-image so-widget-sow-image-default-113ccd71f3e6-1281\"\n\t\t\t\n\t\t>\n<div class=\"sow-image-container\">\n\t\t\t<a href=\"https:\/\/www.sssalud.gob.ar\/misssalud\/\"\n\t\t\ttarget=\"_blank\" rel=\"noopener noreferrer\" \t\t>\n\t\t\t<img \n\tsrc=\"https:\/\/osprogmed.com.ar\/ospm\/wp-content\/uploads\/2020\/10\/logo_encabezado_sss.png\" width=\"250\" height=\"115\" sizes=\"(max-width: 250px) 100vw, 250px\" title=\"Nuevo sistema de Opciones de Cambio - Acceder a MI SSSalud\" alt=\"\" \t\tclass=\"so-widget-image\"\/>\n\t\t\t<\/a><\/div>\n\n<h3 class=\"widget-title\">Nuevo sistema de Opciones de Cambio - Acceder a MI SSSalud<\/h3><\/div><\/div><\/div><\/div><\/div><\/div>","protected":false},"excerpt":{"rendered":"<p>Se encuentra regulado por el Decreto 504\/98 del Poder Ejecutivo Nacional. Modificada por las Resoluciones 1216\/2020; 1219\/2020 y 210\/2024 de la SSSalud. Decretos: 170\/ 2024 y 171\/2024 del Poder Ejecutivo &#8230;<\/p>\n","protected":false},"author":1,"featured_media":0,"parent":0,"menu_order":0,"comment_status":"closed","ping_status":"closed","template":"","meta":{"footnotes":""},"class_list":["post-1281","page","type-page","status-publish","hentry"],"_links":{"self":[{"href":"https:\/\/osprogmed.com.ar\/ospm\/wp-json\/wp\/v2\/pages\/1281","targetHints":{"allow":["GET"]}}],"collection":[{"href":"https:\/\/osprogmed.com.ar\/ospm\/wp-json\/wp\/v2\/pages"}],"about":[{"href":"https:\/\/osprogmed.com.ar\/ospm\/wp-json\/wp\/v2\/types\/page"}],"author":[{"embeddable":true,"href":"https:\/\/osprogmed.com.ar\/ospm\/wp-json\/wp\/v2\/users\/1"}],"replies":[{"embeddable":true,"href":"https:\/\/osprogmed.com.ar\/ospm\/wp-json\/wp\/v2\/comments?post=1281"}],"version-history":[{"count":75,"href":"https:\/\/osprogmed.com.ar\/ospm\/wp-json\/wp\/v2\/pages\/1281\/revisions"}],"predecessor-version":[{"id":1851,"href":"https:\/\/osprogmed.com.ar\/ospm\/wp-json\/wp\/v2\/pages\/1281\/revisions\/1851"}],"wp:attachment":[{"href":"https:\/\/osprogmed.com.ar\/ospm\/wp-json\/wp\/v2\/media?parent=1281"}],"curies":[{"name":"wp","href":"https:\/\/api.w.org\/{rel}","templated":true}]}}