{"id":1236,"date":"2018-07-18T12:14:49","date_gmt":"2018-07-18T15:14:49","guid":{"rendered":"http:\/\/www.programasmedicos.com.ar\/osprogmed\/ospm\/?page_id=1236"},"modified":"2018-07-19T11:41:04","modified_gmt":"2018-07-19T14:41:04","slug":"quienes-somos","status":"publish","type":"page","link":"https:\/\/osprogmed.com.ar\/ospm\/quienes-somos\/","title":{"rendered":"Quienes Somos"},"content":{"rendered":"<p><img loading=\"lazy\" decoding=\"async\" src=\"http:\/\/www.osprogmed.com.ar\/ospm\/wp-content\/uploads\/2018\/07\/Edificio1000x700-300x210.jpg\" alt=\"\" width=\"400\" height=\"210\" class=\"alignnone size-medium wp-image-1269\" \/><\/p>\n<p>Programas M\u00e9dicos, Sociedad Argentina de Consultor\u00eda Mutual, nace en 1975. Desde hace 36 a\u00f1os nos dedicamos al cuidado y prevenci\u00f3n de la salud. Esta instituci\u00f3n creada y dirigida por profesionales de la salud, y con la experiencia necesaria, ha decidido emprender un nuevo camino. Sin perder de vista nuestros objetivos de origen hemos gestado nuestra propia Obra Social OSPM.<br \/>\nEsta nueva gesti\u00f3n, se plantea sobre la base de la maximizaci\u00f3n del bienestar social en funci\u00f3n de la escasez de recursos y las preferencias de las personas en un marco de equilibrio econ\u00f3mico-financiero. Esta posici\u00f3n centrada en el bienestar, se establece en funci\u00f3n de la b\u00fasqueda de las soluciones menos costosas para mejorar la salud y prevenirla. <\/p>\n<p>Con esta Pautas de Gesti\u00f3n lograremos una Obra Social que posibilite tener servicios de salud administrados equitativamente, siendo, la misma, garante del bienestar de sus afiliados.<br \/>\nLograremos llegar a un nuevo grupo de personas que necesitan estar protegidos con planes asistenciales cerrados, que le permitan acceder a todos los bienes y servicios esenciales del sistema de salud. Incluyendo programas de prevenci\u00f3n y diagn\u00f3sticos eficientes de cada patolog\u00eda.<\/p>\n","protected":false},"excerpt":{"rendered":"<p>Programas M\u00e9dicos, Sociedad Argentina de Consultor\u00eda Mutual, nace en 1975. Desde hace 36 a\u00f1os nos dedicamos al cuidado y prevenci\u00f3n de la salud. Esta instituci\u00f3n creada y dirigida por profesionales &#8230;<\/p>\n","protected":false},"author":1,"featured_media":0,"parent":0,"menu_order":0,"comment_status":"closed","ping_status":"closed","template":"","meta":{"footnotes":""},"class_list":["post-1236","page","type-page","status-publish","hentry"],"_links":{"self":[{"href":"https:\/\/osprogmed.com.ar\/ospm\/wp-json\/wp\/v2\/pages\/1236","targetHints":{"allow":["GET"]}}],"collection":[{"href":"https:\/\/osprogmed.com.ar\/ospm\/wp-json\/wp\/v2\/pages"}],"about":[{"href":"https:\/\/osprogmed.com.ar\/ospm\/wp-json\/wp\/v2\/types\/page"}],"author":[{"embeddable":true,"href":"https:\/\/osprogmed.com.ar\/ospm\/wp-json\/wp\/v2\/users\/1"}],"replies":[{"embeddable":true,"href":"https:\/\/osprogmed.com.ar\/ospm\/wp-json\/wp\/v2\/comments?post=1236"}],"version-history":[{"count":3,"href":"https:\/\/osprogmed.com.ar\/ospm\/wp-json\/wp\/v2\/pages\/1236\/revisions"}],"predecessor-version":[{"id":1271,"href":"https:\/\/osprogmed.com.ar\/ospm\/wp-json\/wp\/v2\/pages\/1236\/revisions\/1271"}],"wp:attachment":[{"href":"https:\/\/osprogmed.com.ar\/ospm\/wp-json\/wp\/v2\/media?parent=1236"}],"curies":[{"name":"wp","href":"https:\/\/api.w.org\/{rel}","templated":true}]}}