{"id":1234,"date":"2018-07-18T12:13:51","date_gmt":"2018-07-18T15:13:51","guid":{"rendered":"http:\/\/www.programasmedicos.com.ar\/osprogmed\/ospm\/?page_id=1234"},"modified":"2018-07-19T11:49:44","modified_gmt":"2018-07-19T14:49:44","slug":"planes-de-salud","status":"publish","type":"page","link":"https:\/\/osprogmed.com.ar\/ospm\/planes-de-salud\/","title":{"rendered":"Planes de Salud"},"content":{"rendered":"<p><img loading=\"lazy\" decoding=\"async\" src=\"http:\/\/www.osprogmed.com.ar\/ospm\/wp-content\/uploads\/2018\/07\/pexels-photo-734541-300x200.jpeg\" alt=\"\" width=\"400\" height=\"200\" class=\"alignnone size-medium wp-image-1217\" \/><\/p>\n<p>Las personas que acceden a los beneficios de nuestros planes asistenciales mediante el aporte que fija la Ley, ingresan en forma directa al Plan B\u00e1sico que contempla todas las prestaciones y el Modelo Asistencial del PMA.<br \/>\nEl sistema de atenci\u00f3n ha sido concebido con el fin de cuidar su salud y la de su grupo familiar, determinando su eje principal en la atenci\u00f3n personalizada y la medicina preventiva como base para la atenci\u00f3n primaria de la salud.<br \/>\nEl Plan de Atenci\u00f3n M\u00e9dica de OSPM implementa este modelo asistencial mediante la articulaci\u00f3n de un Equipo B\u00e1sico de Atenci\u00f3n M\u00e9dica Primaria (EBAMP), asociados a un cuerpo de especialistas seleccionados por su experiencia e idoneidad y apoyados por Centros de Diagn\u00f3stico, Tratamiento e Internaci\u00f3n de reconocido prestigio, acordes al nivel del plan por Ud. elegido.<\/p>\n<p>Para acceder a estos servicios, deber\u00e1 acreditar:<br \/>\n* Su condici\u00f3n de afiliado, exhibiendo la credencial.<br \/>\n* Su titularidad, exhibiendo su Documento de Identidad.<br \/>\n* Estar al d\u00eda con el pago de sus aportes, debiendo para ello si Ud. es:<\/p>\n<p>MONOTRIBUTISTA Y\/O INTEGRANTE DEL GRUPO FAMILIAR A CARGO:<br \/>\nExhibir los tres \u00faltimos tickets bancarios de pago del Monotributo, el \u00faltimo de los cuales no podr\u00e1 tener una antig\u00fcedad mayor de 60 d\u00edas. <\/p>\n<p>EMPLEADO EN RELACION DE DEPENDENCIA Y\/O INTEGRANTE DEL GRUPO FAMILIAR A CARGO:<br \/>\nUltimo Recibo de Sueldo del beneficiario titular.<\/p>\n","protected":false},"excerpt":{"rendered":"<p>Las personas que acceden a los beneficios de nuestros planes asistenciales mediante el aporte que fija la Ley, ingresan en forma directa al Plan B\u00e1sico que contempla todas las prestaciones &#8230;<\/p>\n","protected":false},"author":1,"featured_media":0,"parent":0,"menu_order":0,"comment_status":"closed","ping_status":"closed","template":"","meta":{"footnotes":""},"class_list":["post-1234","page","type-page","status-publish","hentry"],"_links":{"self":[{"href":"https:\/\/osprogmed.com.ar\/ospm\/wp-json\/wp\/v2\/pages\/1234","targetHints":{"allow":["GET"]}}],"collection":[{"href":"https:\/\/osprogmed.com.ar\/ospm\/wp-json\/wp\/v2\/pages"}],"about":[{"href":"https:\/\/osprogmed.com.ar\/ospm\/wp-json\/wp\/v2\/types\/page"}],"author":[{"embeddable":true,"href":"https:\/\/osprogmed.com.ar\/ospm\/wp-json\/wp\/v2\/users\/1"}],"replies":[{"embeddable":true,"href":"https:\/\/osprogmed.com.ar\/ospm\/wp-json\/wp\/v2\/comments?post=1234"}],"version-history":[{"count":3,"href":"https:\/\/osprogmed.com.ar\/ospm\/wp-json\/wp\/v2\/pages\/1234\/revisions"}],"predecessor-version":[{"id":1627,"href":"https:\/\/osprogmed.com.ar\/ospm\/wp-json\/wp\/v2\/pages\/1234\/revisions\/1627"}],"wp:attachment":[{"href":"https:\/\/osprogmed.com.ar\/ospm\/wp-json\/wp\/v2\/media?parent=1234"}],"curies":[{"name":"wp","href":"https:\/\/api.w.org\/{rel}","templated":true}]}}